{"id":11,"date":"2026-02-12T15:05:26","date_gmt":"2026-02-12T15:05:26","guid":{"rendered":"https:\/\/cms2511.emu.isfsc.be\/?page_id=11"},"modified":"2026-02-12T15:28:46","modified_gmt":"2026-02-12T15:28:46","slug":"11-2","status":"publish","type":"page","link":"https:\/\/cms2511.emu.isfsc.be\/index.php\/11-2\/","title":{"rendered":""},"content":{"rendered":"<p>[et_pb_section fb_built=\u00a0\u00bb1&Prime; theme_builder_area=\u00a0\u00bbpost_content\u00a0\u00bb _builder_version=\u00a0\u00bb4.27.5&Prime; _module_preset=\u00a0\u00bbdefault\u00a0\u00bb min_height=\u00a0\u00bb166.5px\u00a0\u00bb][et_pb_row _builder_version=\u00a0\u00bb4.27.5&Prime; _module_preset=\u00a0\u00bbdefault\u00a0\u00bb theme_builder_area=\u00a0\u00bbpost_content\u00a0\u00bb hover_enabled=\u00a0\u00bb0&Prime; sticky_enabled=\u00a0\u00bb0&Prime; custom_margin=\u00a0\u00bb|auto|2px|auto||\u00a0\u00bb][et_pb_column _builder_version=\u00a0\u00bb4.27.5&Prime; _module_preset=\u00a0\u00bbdefault\u00a0\u00bb type=\u00a0\u00bb4_4&Prime; theme_builder_area=\u00a0\u00bbpost_content\u00a0\u00bb][et_pb_text _builder_version=\u00a0\u00bb4.27.5&Prime; _module_preset=\u00a0\u00bbdefault\u00a0\u00bb theme_builder_area=\u00a0\u00bbpost_content\u00a0\u00bb hover_enabled=\u00a0\u00bb0&Prime; sticky_enabled=\u00a0\u00bb0&Prime; text_text_color=\u00a0\u00bb#E02B20&Prime; text_font_size=\u00a0\u00bb22px\u00a0\u00bb text_line_height=\u00a0\u00bb1em\u00a0\u00bb text_font=\u00a0\u00bbAkaya Kanadaka||||||||\u00a0\u00bb text_letter_spacing=\u00a0\u00bb4px\u00a0\u00bb]<\/p>\n<h1 data-start=\"93\" data-end=\"109\" style=\"text-align: center;\"><strong><em><span style=\"color: #0c71c3; font-size: xx-large;\">FC Barcelone<\/span><\/em><\/strong><\/h1>\n<p data-start=\"110\" data-end=\"129\" style=\"text-align: center;\"><strong><em><span style=\"font-size: x-large;\">M\u00e9s que un club<\/span><\/em><\/strong><\/p>\n<p>[\/et_pb_text][\/et_pb_column][\/et_pb_row][\/et_pb_section][et_pb_section fb_built=\u00a0\u00bb1&Prime; theme_builder_area=\u00a0\u00bbpost_content\u00a0\u00bb _builder_version=\u00a0\u00bb4.27.5&Prime; _module_preset=\u00a0\u00bbdefault\u00a0\u00bb inner_shadow=\u00a0\u00bbon\u00a0\u00bb hover_enabled=\u00a0\u00bb0&Prime; sticky_enabled=\u00a0\u00bb0&Prime;][et_pb_row _builder_version=\u00a0\u00bb4.27.5&Prime; _module_preset=\u00a0\u00bbdefault\u00a0\u00bb column_structure=\u00a0\u00bb1_2,1_2&Prime; theme_builder_area=\u00a0\u00bbpost_content\u00a0\u00bb hover_enabled=\u00a0\u00bb0&Prime; sticky_enabled=\u00a0\u00bb0&Prime; border_width_all=\u00a0\u00bb16px\u00a0\u00bb][et_pb_column _builder_version=\u00a0\u00bb4.27.5&Prime; _module_preset=\u00a0\u00bbdefault\u00a0\u00bb type=\u00a0\u00bb1_2&Prime; theme_builder_area=\u00a0\u00bbpost_content\u00a0\u00bb][et_pb_image src=\u00a0\u00bbhttps:\/\/cms2511.emu.isfsc.be\/wp-content\/uploads\/2026\/02\/barca.png\u00a0\u00bb _builder_version=\u00a0\u00bb4.27.5&Prime; _module_preset=\u00a0\u00bbdefault\u00a0\u00bb theme_builder_area=\u00a0\u00bbpost_content\u00a0\u00bb title_text=\u00a0\u00bbbarca\u00a0\u00bb hover_enabled=\u00a0\u00bb0&Prime; sticky_enabled=\u00a0\u00bb0&Prime; custom_margin=\u00a0\u00bb-81px|||||\u00a0\u00bb width=\u00a0\u00bb100%\u00a0\u00bb max_width=\u00a0\u00bb100%\u00a0\u00bb min_height=\u00a0\u00bb375px\u00a0\u00bb height=\u00a0\u00bb348px\u00a0\u00bb max_height=\u00a0\u00bb1000px\u00a0\u00bb][\/et_pb_image][\/et_pb_column][et_pb_column _builder_version=\u00a0\u00bb4.27.5&Prime; _module_preset=\u00a0\u00bbdefault\u00a0\u00bb type=\u00a0\u00bb1_2&Prime; theme_builder_area=\u00a0\u00bbpost_content\u00a0\u00bb][et_pb_text _builder_version=\u00a0\u00bb4.27.5&Prime; _module_preset=\u00a0\u00bbdefault\u00a0\u00bb theme_builder_area=\u00a0\u00bbpost_content\u00a0\u00bb hover_enabled=\u00a0\u00bb0&Prime; sticky_enabled=\u00a0\u00bb0&Prime; min_height=\u00a0\u00bb459px\u00a0\u00bb]<\/p>\n<h2 data-start=\"850\" data-end=\"888\">\ud83c\udfdf\ufe0f Un stade mythique : le Camp Nou<\/h2>\n<p data-start=\"890\" data-end=\"1115\">Le Bar\u00e7a \u00e9volue au <strong data-start=\"909\" data-end=\"921\">Camp Nou<\/strong>, l\u2019un des stades les plus c\u00e9l\u00e8bres et impressionnants d\u2019Europe. Avec sa capacit\u00e9 immense et son ambiance \u00e9lectrique, il est le th\u00e9\u00e2tre de moments historiques qui ont marqu\u00e9 le football mondial.<\/p>\n<p data-start=\"1117\" data-end=\"1256\">Chaque match jou\u00e9 au Camp Nou est une v\u00e9ritable c\u00e9l\u00e9bration du football, o\u00f9 les couleurs blaugrana (bleu et rouge) illuminent les tribunes.<\/p>\n<h2 data-start=\"1263\" data-end=\"1293\">\ud83c\udfc6 Un palmar\u00e8s exceptionnel<\/h2>\n<p data-start=\"1295\" data-end=\"1382\">Le FC Barcelone fait partie des clubs les plus titr\u00e9s au monde. Son palmar\u00e8s comprend :<\/p>\n<ul data-start=\"1384\" data-end=\"1576\">\n<li data-start=\"1384\" data-end=\"1442\">\n<p data-start=\"1386\" data-end=\"1442\">De nombreux titres de <strong data-start=\"1408\" data-end=\"1440\">Champion d\u2019Espagne (La Liga)<\/strong><\/p>\n<\/li>\n<li data-start=\"1443\" data-end=\"1474\">\n<p data-start=\"1445\" data-end=\"1474\">Plusieurs <strong data-start=\"1455\" data-end=\"1472\">Coupes du Roi<\/strong><\/p>\n<\/li>\n<li data-start=\"1475\" data-end=\"1507\">\n<p data-start=\"1477\" data-end=\"1507\">Des <strong data-start=\"1481\" data-end=\"1505\">Ligues des Champions<\/strong><\/p>\n<\/li>\n<li data-start=\"1508\" data-end=\"1540\">\n<p data-start=\"1510\" data-end=\"1540\">Des <strong data-start=\"1514\" data-end=\"1538\">Supercoupes d\u2019Europe<\/strong><\/p>\n<\/li>\n<li data-start=\"1541\" data-end=\"1576\">\n<p data-start=\"1543\" data-end=\"1576\">Des <strong data-start=\"1547\" data-end=\"1576\">Coupes du Monde des Clubs<\/strong><\/p>\n<\/li>\n<\/ul>\n<p data-start=\"1578\" data-end=\"1684\">Ces troph\u00e9es sont le fruit d\u2019un travail collectif, d\u2019un talent exceptionnel et d\u2019une vision de jeu unique.<\/p>\n<p data-start=\"1578\" data-end=\"1684\">[\/et_pb_text][\/et_pb_column][\/et_pb_row][\/et_pb_section]<\/p>\n","protected":false},"excerpt":{"rendered":"<p>FC Barcelone M\u00e9s que un club\ud83c\udfdf\ufe0f Un stade mythique : le Camp Nou Le Bar\u00e7a \u00e9volue au Camp Nou, l\u2019un des stades les plus c\u00e9l\u00e8bres et impressionnants d\u2019Europe. Avec sa capacit\u00e9 immense et son ambiance \u00e9lectrique, il est le th\u00e9\u00e2tre de moments historiques qui ont marqu\u00e9 le football mondial. Chaque match jou\u00e9 au Camp Nou [&hellip;]<\/p>\n","protected":false},"author":2,"featured_media":0,"parent":0,"menu_order":0,"comment_status":"closed","ping_status":"closed","template":"","meta":{"_et_pb_use_builder":"on","_et_pb_old_content":"","_et_gb_content_width":"","footnotes":""},"class_list":["post-11","page","type-page","status-publish","hentry"],"_links":{"self":[{"href":"https:\/\/cms2511.emu.isfsc.be\/index.php\/wp-json\/wp\/v2\/pages\/11","targetHints":{"allow":["GET"]}}],"collection":[{"href":"https:\/\/cms2511.emu.isfsc.be\/index.php\/wp-json\/wp\/v2\/pages"}],"about":[{"href":"https:\/\/cms2511.emu.isfsc.be\/index.php\/wp-json\/wp\/v2\/types\/page"}],"author":[{"embeddable":true,"href":"https:\/\/cms2511.emu.isfsc.be\/index.php\/wp-json\/wp\/v2\/users\/2"}],"replies":[{"embeddable":true,"href":"https:\/\/cms2511.emu.isfsc.be\/index.php\/wp-json\/wp\/v2\/comments?post=11"}],"version-history":[{"count":4,"href":"https:\/\/cms2511.emu.isfsc.be\/index.php\/wp-json\/wp\/v2\/pages\/11\/revisions"}],"predecessor-version":[{"id":38,"href":"https:\/\/cms2511.emu.isfsc.be\/index.php\/wp-json\/wp\/v2\/pages\/11\/revisions\/38"}],"wp:attachment":[{"href":"https:\/\/cms2511.emu.isfsc.be\/index.php\/wp-json\/wp\/v2\/media?parent=11"}],"curies":[{"name":"wp","href":"https:\/\/api.w.org\/{rel}","templated":true}]}}