{"id":13,"date":"2026-02-12T14:52:20","date_gmt":"2026-02-12T14:52:20","guid":{"rendered":"https:\/\/cms2511.emu.isfsc.be\/?page_id=13"},"modified":"2026-02-12T15:27:38","modified_gmt":"2026-02-12T15:27:38","slug":"13-2","status":"publish","type":"page","link":"https:\/\/cms2511.emu.isfsc.be\/index.php\/13-2\/","title":{"rendered":""},"content":{"rendered":"<p>[et_pb_section fb_built=\u00a0\u00bb1&Prime; _builder_version=\u00a0\u00bb4.27.5&Prime; _module_preset=\u00a0\u00bbdefault\u00a0\u00bb background_color=\u00a0\u00bb#e5f8ff\u00a0\u00bb custom_margin=\u00a0\u00bb||-107px|||\u00a0\u00bb global_colors_info=\u00a0\u00bb{}\u00a0\u00bb][et_pb_row _builder_version=\u00a0\u00bb4.27.5&Prime; _module_preset=\u00a0\u00bbdefault\u00a0\u00bb background_color=\u00a0\u00bb#e5f8ff\u00a0\u00bb global_colors_info=\u00a0\u00bb{}\u00a0\u00bb][et_pb_column type=\u00a0\u00bb4_4&Prime; _builder_version=\u00a0\u00bb4.27.5&Prime; _module_preset=\u00a0\u00bbdefault\u00a0\u00bb global_colors_info=\u00a0\u00bb{}\u00a0\u00bb][et_pb_text _builder_version=\u00a0\u00bb4.27.5&Prime; _module_preset=\u00a0\u00bbdefault\u00a0\u00bb text_font=\u00a0\u00bbABeeZee||||||||\u00a0\u00bb text_text_color=\u00a0\u00bb#008cff\u00a0\u00bb text_font_size=\u00a0\u00bb51px\u00a0\u00bb text_line_height=\u00a0\u00bb1.8em\u00a0\u00bb background_color=\u00a0\u00bbRGBA(255,255,255,0)\u00a0\u00bb hover_enabled=\u00a0\u00bb0&Prime; text_text_shadow_style=\u00a0\u00bbpreset2&Prime; text_text_shadow_color=\u00a0\u00bb#0C71C3&Prime; border_color_all=\u00a0\u00bb#E02B20&Prime; global_colors_info=\u00a0\u00bb{}\u00a0\u00bb sticky_enabled=\u00a0\u00bb0&Prime; box_shadow_style=\u00a0\u00bbpreset1&Prime; box_shadow_color=\u00a0\u00bb#0C71C3&Prime; text_letter_spacing=\u00a0\u00bb14px\u00a0\u00bb]<\/p>\n<p style=\"text-align: center;\"><strong><span class=\"gs_tkn\">Marco\u00a0<\/span><span class=\"gs_tkn\">le\u00a0<\/span><span class=\"gs_tkn\">Ph\u00e9nix<\/span><\/strong><\/p>\n<p>[\/et_pb_text][\/et_pb_column][\/et_pb_row][\/et_pb_section][et_pb_section fb_built=\u00a0\u00bb1&Prime; _builder_version=\u00a0\u00bb4.27.5&Prime; _module_preset=\u00a0\u00bbdefault\u00a0\u00bb background_color=\u00a0\u00bb#e5f8ff\u00a0\u00bb min_height=\u00a0\u00bb248px\u00a0\u00bb custom_padding=\u00a0\u00bb48px||61px|||\u00a0\u00bb global_colors_info=\u00a0\u00bb{}\u00a0\u00bb][et_pb_row column_structure=\u00a0\u00bb1_2,1_2&Prime; _builder_version=\u00a0\u00bb4.27.5&Prime; _module_preset=\u00a0\u00bbdefault\u00a0\u00bb background_color=\u00a0\u00bb#e5f8ff\u00a0\u00bb hover_enabled=\u00a0\u00bb0&Prime; global_colors_info=\u00a0\u00bb{}\u00a0\u00bb sticky_enabled=\u00a0\u00bb0&Prime;][et_pb_column type=\u00a0\u00bb1_2&Prime; _builder_version=\u00a0\u00bb4.27.5&Prime; _module_preset=\u00a0\u00bbdefault\u00a0\u00bb global_colors_info=\u00a0\u00bb{}\u00a0\u00bb][et_pb_image src=\u00a0\u00bbhttps:\/\/cms2511.emu.isfsc.be\/wp-content\/uploads\/2026\/02\/marco-one-piece-1.jpg\u00a0\u00bb title_text=\u00a0\u00bbmarco one piece\u00a0\u00bb _builder_version=\u00a0\u00bb4.27.5&Prime; _module_preset=\u00a0\u00bbdefault\u00a0\u00bb hover_enabled=\u00a0\u00bb0&Prime; global_colors_info=\u00a0\u00bb{}\u00a0\u00bb sticky_enabled=\u00a0\u00bb0&Prime; box_shadow_style=\u00a0\u00bbpreset1&Prime; box_shadow_color=\u00a0\u00bb#0C71C3&Prime; width=\u00a0\u00bb100%\u00a0\u00bb min_height=\u00a0\u00bb300px\u00a0\u00bb][\/et_pb_image][\/et_pb_column][et_pb_column type=\u00a0\u00bb1_2&Prime; _builder_version=\u00a0\u00bb4.27.5&Prime; _module_preset=\u00a0\u00bbdefault\u00a0\u00bb global_colors_info=\u00a0\u00bb{}\u00a0\u00bb][et_pb_text _builder_version=\u00a0\u00bb4.27.5&Prime; _module_preset=\u00a0\u00bbdefault\u00a0\u00bb text_font=\u00a0\u00bbABeeZee||||||||\u00a0\u00bb text_text_color=\u00a0\u00bb#008cff\u00a0\u00bb header_2_text_color=\u00a0\u00bb#0C71C3&Prime; hover_enabled=\u00a0\u00bb0&Prime; global_colors_info=\u00a0\u00bb{}\u00a0\u00bb text_font_size=\u00a0\u00bb13px\u00a0\u00bb box_shadow_style=\u00a0\u00bbpreset1&Prime; box_shadow_horizontal=\u00a0\u00bb-3px\u00a0\u00bb box_shadow_vertical=\u00a0\u00bb3px\u00a0\u00bb box_shadow_blur=\u00a0\u00bb25px\u00a0\u00bb sticky_enabled=\u00a0\u00bb0&Prime; box_shadow_color=\u00a0\u00bb#0C71C3&Prime; border_radii=\u00a0\u00bboff||||\u00a0\u00bb]<\/p>\n<h2 data-start=\"80\" data-end=\"125\"><strong data-start=\"80\" data-end=\"125\">Marco : L\u2019esprit inflexible de l\u2019aventure<\/strong><\/h2>\n<p data-start=\"127\" data-end=\"415\">Marco, \u00e9galement connu sous le nom de Marco le Ph\u00e9nix, est un personnage embl\u00e9matique de l\u2019univers de <em data-start=\"229\" data-end=\"240\">One Piece<\/em>. Il est le commandant de la Premi\u00e8re Division de l\u2019\u00e9quipage de Barbe Blanche et poss\u00e8de des capacit\u00e9s uniques gr\u00e2ce \u00e0 son fruit du d\u00e9mon, le Tori Tori no Mi, mod\u00e8le Ph\u00e9nix.<\/p>\n<p data-start=\"417\" data-end=\"551\">Ce fruit lui permet de se transformer en ph\u00e9nix et de se r\u00e9g\u00e9n\u00e9rer \u00e0 volont\u00e9, ce qui lui conf\u00e8re des pouvoirs de vol et de gu\u00e9rison.<\/p>\n<p data-start=\"553\" data-end=\"827\">Marco est connu pour son calme, sa loyaut\u00e9 envers Barbe Blanche et son \u00e9quipage, ainsi que pour ses excentricit\u00e9s et son sens de la strat\u00e9gie. Son h\u00e9ritage et ses valeurs le poussent \u00e0 chercher \u00e0 perp\u00e9tuer l\u2019h\u00e9ritage de Barbe Blanche apr\u00e8s la disparition de son capitaine.<\/p>\n<p>[\/et_pb_text][\/et_pb_column][\/et_pb_row][\/et_pb_section][et_pb_section fb_built=\u00a0\u00bb1&Prime; _builder_version=\u00a0\u00bb4.27.5&Prime; _module_preset=\u00a0\u00bbdefault\u00a0\u00bb background_color=\u00a0\u00bb#e5f8ff\u00a0\u00bb global_colors_info=\u00a0\u00bb{}\u00a0\u00bb][et_pb_row _builder_version=\u00a0\u00bb4.27.5&Prime; _module_preset=\u00a0\u00bbdefault\u00a0\u00bb background_color=\u00a0\u00bb#e5f8ff\u00a0\u00bb custom_padding=\u00a0\u00bb12px|||||\u00a0\u00bb global_colors_info=\u00a0\u00bb{}\u00a0\u00bb][et_pb_column type=\u00a0\u00bb4_4&Prime; _builder_version=\u00a0\u00bb4.27.5&Prime; _module_preset=\u00a0\u00bbdefault\u00a0\u00bb global_colors_info=\u00a0\u00bb{}\u00a0\u00bb][et_pb_button button_url=\u00a0\u00bbhttps:\/\/anime-sama.tv\/catalogue\/one-piece\/saison10\/vostfr\/\u00a0\u00bb button_text=\u00a0\u00bbCombat Marco vs BigMom (\u00e9pisode 1026,Arc Wano Onygashima)\u00a0\u00bb button_alignment=\u00a0\u00bbcenter\u00a0\u00bb _builder_version=\u00a0\u00bb4.27.5&Prime; _module_preset=\u00a0\u00bbdefault\u00a0\u00bb custom_button=\u00a0\u00bbon\u00a0\u00bb button_text_color=\u00a0\u00bb#0ca7d6&Prime; button_border_radius=\u00a0\u00bb100px\u00a0\u00bb button_letter_spacing=\u00a0\u00bb3px\u00a0\u00bb button_font=\u00a0\u00bb|800||||on|||\u00a0\u00bb button_icon=\u00a0\u00bb&#x41;||divi||400&Prime; animation_style=\u00a0\u00bbbounce\u00a0\u00bb animation_direction=\u00a0\u00bbtop\u00a0\u00bb hover_enabled=\u00a0\u00bb0&Prime; box_shadow_style=\u00a0\u00bbpreset2&Prime; box_shadow_horizontal=\u00a0\u00bb17px\u00a0\u00bb box_shadow_color=\u00a0\u00bb#0b9cba\u00a0\u00bb global_colors_info=\u00a0\u00bb{}\u00a0\u00bb sticky_enabled=\u00a0\u00bb0&Prime;][\/et_pb_button][\/et_pb_column][\/et_pb_row][\/et_pb_section]<\/p>\n","protected":false},"excerpt":{"rendered":"<p>Marco\u00a0le\u00a0Ph\u00e9nixMarco : L\u2019esprit inflexible de l\u2019aventure Marco, \u00e9galement connu sous le nom de Marco le Ph\u00e9nix, est un personnage embl\u00e9matique de l\u2019univers de One Piece. Il est le commandant de la Premi\u00e8re Division de l\u2019\u00e9quipage de Barbe Blanche et poss\u00e8de des capacit\u00e9s uniques gr\u00e2ce \u00e0 son fruit du d\u00e9mon, le Tori Tori no Mi, mod\u00e8le [&hellip;]<\/p>\n","protected":false},"author":3,"featured_media":0,"parent":0,"menu_order":0,"comment_status":"closed","ping_status":"closed","template":"","meta":{"_et_pb_use_builder":"on","_et_pb_old_content":"","_et_gb_content_width":"","footnotes":""},"class_list":["post-13","page","type-page","status-publish","hentry"],"_links":{"self":[{"href":"https:\/\/cms2511.emu.isfsc.be\/index.php\/wp-json\/wp\/v2\/pages\/13","targetHints":{"allow":["GET"]}}],"collection":[{"href":"https:\/\/cms2511.emu.isfsc.be\/index.php\/wp-json\/wp\/v2\/pages"}],"about":[{"href":"https:\/\/cms2511.emu.isfsc.be\/index.php\/wp-json\/wp\/v2\/types\/page"}],"author":[{"embeddable":true,"href":"https:\/\/cms2511.emu.isfsc.be\/index.php\/wp-json\/wp\/v2\/users\/3"}],"replies":[{"embeddable":true,"href":"https:\/\/cms2511.emu.isfsc.be\/index.php\/wp-json\/wp\/v2\/comments?post=13"}],"version-history":[{"count":11,"href":"https:\/\/cms2511.emu.isfsc.be\/index.php\/wp-json\/wp\/v2\/pages\/13\/revisions"}],"predecessor-version":[{"id":37,"href":"https:\/\/cms2511.emu.isfsc.be\/index.php\/wp-json\/wp\/v2\/pages\/13\/revisions\/37"}],"wp:attachment":[{"href":"https:\/\/cms2511.emu.isfsc.be\/index.php\/wp-json\/wp\/v2\/media?parent=13"}],"curies":[{"name":"wp","href":"https:\/\/api.w.org\/{rel}","templated":true}]}}